{"id":672,"date":"2022-06-23T07:33:43","date_gmt":"2022-06-23T07:33:43","guid":{"rendered":"https:\/\/startersites.io\/elementor\/yogi\/?page_id=672"},"modified":"2024-11-28T01:35:16","modified_gmt":"2024-11-28T01:35:16","slug":"kontakt","status":"publish","type":"page","link":"https:\/\/studiokompost.cz\/en\/kontakt\/","title":{"rendered":"Contact"},"content":{"rendered":"<div data-elementor-type=\"wp-post\" data-elementor-id=\"672\" class=\"elementor elementor-672\" data-elementor-post-type=\"page\">\n\t\t\t\t<div class=\"elementor-element elementor-element-9e930eb e-flex e-con-boxed e-con e-parent\" data-id=\"9e930eb\" data-element_type=\"container\">\n\t\t\t\t\t<div class=\"e-con-inner\">\n\t\t<div class=\"elementor-element elementor-element-b759fa8 e-con-full e-flex e-con e-child\" data-id=\"b759fa8\" data-element_type=\"container\">\n\t\t\t\t<div class=\"elementor-element elementor-element-a86829c elementor-widget elementor-widget-heading\" data-id=\"a86829c\" data-element_type=\"widget\" data-widget_type=\"heading.default\">\n\t\t\t\t<div class=\"elementor-widget-container\">\n\t\t\t<style>\/*! elementor - v3.23.0 - 05-08-2024 *\/\n.elementor-heading-title{padding:0;margin:0;line-height:1}.elementor-widget-heading .elementor-heading-title[class*=elementor-size-]>a{color:inherit;font-size:inherit;line-height:inherit}.elementor-widget-heading .elementor-heading-title.elementor-size-small{font-size:15px}.elementor-widget-heading .elementor-heading-title.elementor-size-medium{font-size:19px}.elementor-widget-heading .elementor-heading-title.elementor-size-large{font-size:29px}.elementor-widget-heading .elementor-heading-title.elementor-size-xl{font-size:39px}.elementor-widget-heading .elementor-heading-title.elementor-size-xxl{font-size:59px}<\/style><h5 class=\"elementor-heading-title elementor-size-default\">Where can you find us?<\/h5>\t\t<\/div>\n\t\t\t\t<\/div>\n\t\t\t\t<div class=\"elementor-element elementor-element-5c5828f elementor-widget elementor-widget-text-editor\" data-id=\"5c5828f\" data-element_type=\"widget\" data-widget_type=\"text-editor.default\">\n\t\t\t\t<div class=\"elementor-widget-container\">\n\t\t\t<style>\/*! elementor - v3.23.0 - 05-08-2024 *\/\n.elementor-widget-text-editor.elementor-drop-cap-view-stacked .elementor-drop-cap{background-color:#69727d;color:#fff}.elementor-widget-text-editor.elementor-drop-cap-view-framed .elementor-drop-cap{color:#69727d;border:3px solid;background-color:transparent}.elementor-widget-text-editor:not(.elementor-drop-cap-view-default) .elementor-drop-cap{margin-top:8px}.elementor-widget-text-editor:not(.elementor-drop-cap-view-default) .elementor-drop-cap-letter{width:1em;height:1em}.elementor-widget-text-editor .elementor-drop-cap{float:left;text-align:center;line-height:1;font-size:50px}.elementor-widget-text-editor .elementor-drop-cap-letter{display:inline-block}<\/style>\t\t\t\t<p style=\"font-style: normal; font-variant-ligatures: normal; font-variant-caps: normal; font-weight: 400; font-size: 16px; font-family: -apple-system, BlinkMacSystemFont, 'Segoe UI', Roboto, Helvetica, Arial, sans-serif, 'Apple Color Emoji', 'Segoe UI Emoji', 'Segoe UI Symbol'; margin-block-end: var(--theme-content-spacing);\">Studio Kompost, Kv\u011btnov\u00e9 n\u00e1m\u011bst\u00ed 17, Pr\u016fhonice 252 43 (next to the PALOMA restaurant)<\/p><p style=\"font-style: normal; font-variant-ligatures: normal; font-variant-caps: normal; font-weight: 400; font-size: 16px; font-family: -apple-system, BlinkMacSystemFont, 'Segoe UI', Roboto, Helvetica, Arial, sans-serif, 'Apple Color Emoji', 'Segoe UI Emoji', 'Segoe UI Symbol'; margin-block-end: var(--theme-content-spacing);\">Free parking for up to 3 vehicles.<\/p>\t\t\t\t\t\t<\/div>\n\t\t\t\t<\/div>\n\t\t\t\t<div class=\"elementor-element elementor-element-9285b1b elementor-widget elementor-widget-heading\" data-id=\"9285b1b\" data-element_type=\"widget\" data-widget_type=\"heading.default\">\n\t\t\t\t<div class=\"elementor-widget-container\">\n\t\t\t<h5 class=\"elementor-heading-title elementor-size-default\">Email <\/h5>\t\t<\/div>\n\t\t\t\t<\/div>\n\t\t\t\t<div class=\"elementor-element elementor-element-9d031a8 elementor-widget elementor-widget-text-editor\" data-id=\"9d031a8\" data-element_type=\"widget\" data-widget_type=\"text-editor.default\">\n\t\t\t\t<div class=\"elementor-widget-container\">\n\t\t\t\t\t\t\t<p>lucie@studiokompost.cz<\/p>\t\t\t\t\t\t<\/div>\n\t\t\t\t<\/div>\n\t\t\t\t<div class=\"elementor-element elementor-element-b77dec3 elementor-widget elementor-widget-heading\" data-id=\"b77dec3\" data-element_type=\"widget\" data-widget_type=\"heading.default\">\n\t\t\t\t<div class=\"elementor-widget-container\">\n\t\t\t<h5 class=\"elementor-heading-title elementor-size-default\">Telefon<\/h5>\t\t<\/div>\n\t\t\t\t<\/div>\n\t\t\t\t<div class=\"elementor-element elementor-element-54b66dc elementor-widget elementor-widget-text-editor\" data-id=\"54b66dc\" data-element_type=\"widget\" data-widget_type=\"text-editor.default\">\n\t\t\t\t<div class=\"elementor-widget-container\">\n\t\t\t\t\t\t\t<p>HOT LINE: +420 724 590 888<\/p><p>LEKCE EMS: +420 <span style=\"font-family: inherit; font-size: inherit; font-style: inherit; font-variant-ligatures: inherit; font-variant-caps: inherit; font-weight: inherit; text-align: var(--text-align); color: var(--theme-text-color); letter-spacing: var(--theme-letter-spacing); text-transform: var(--theme-text-transform);\">724 281 424<\/span><\/p>\t\t\t\t\t\t<\/div>\n\t\t\t\t<\/div>\n\t\t\t\t<\/div>\n\t\t\t\t<div class=\"elementor-element elementor-element-7eaa0e0 elementor-widget elementor-widget-google_maps\" data-id=\"7eaa0e0\" data-element_type=\"widget\" data-widget_type=\"google_maps.default\">\n\t\t\t\t<div class=\"elementor-widget-container\">\n\t\t\t<style>\/*! elementor - v3.23.0 - 05-08-2024 *\/\n.elementor-widget-google_maps .elementor-widget-container{overflow:hidden}.elementor-widget-google_maps .elementor-custom-embed{line-height:0}.elementor-widget-google_maps iframe{height:300px}<\/style>\t\t<div class=\"elementor-custom-embed\">\n\t\t\t<iframe loading=\"lazy\"\n\t\t\t\t\tsrc=\"https:\/\/maps.google.com\/maps?q=Studio%20Kompost%2C%20Kv%C4%9Btnov%C3%A9%20n%C3%A1m%C4%9Bst%C3%AD%2017%2C%20Pr%C5%AFhonice%20%28naproti%20cukr%C3%A1rny%20a%20restaurace%20PALOMA%29&#038;t=m&#038;z=17&#038;output=embed&#038;iwloc=near\"\n\t\t\t\t\ttitle=\"Studio Kompost, Kv\u011btnov\u00e9 n\u00e1m\u011bst\u00ed 17, Pr\u016fhonice 252 43 (next to the PALOMA restaurant)\"\n\t\t\t\t\taria-label=\"Studio Kompost, Kv\u011btnov\u00e9 n\u00e1m\u011bst\u00ed 17, Pr\u016fhonice 252 43 (next to the PALOMA restaurant)\"\n\t\t\t><\/iframe>\n\t\t<\/div>\n\t\t\t\t<\/div>\n\t\t\t\t<\/div>\n\t\t\t\t\t<\/div>\n\t\t\t\t<\/div>\n\t\t<div class=\"elementor-element elementor-element-a090b7d e-flex e-con-boxed e-con e-parent\" data-id=\"a090b7d\" data-element_type=\"container\">\n\t\t\t\t\t<div class=\"e-con-inner\">\n\t\t<div class=\"elementor-element elementor-element-62d0c2d e-con-full e-flex e-con e-child\" data-id=\"62d0c2d\" data-element_type=\"container\">\n\t\t\t\t<div class=\"elementor-element elementor-element-d1e9735 elementor-widget elementor-widget-heading\" data-id=\"d1e9735\" data-element_type=\"widget\" data-widget_type=\"heading.default\">\n\t\t\t\t<div class=\"elementor-widget-container\">\n\t\t\t<h2 class=\"elementor-heading-title elementor-size-default\">Our services<\/h2>\t\t<\/div>\n\t\t\t\t<\/div>\n\t\t\t\t<\/div>\n\t\t\t\t\t<\/div>\n\t\t\t\t<\/div>\n\t\t<div class=\"elementor-element elementor-element-193f37c e-flex e-con-boxed e-con e-parent\" data-id=\"193f37c\" data-element_type=\"container\">\n\t\t\t\t\t<div class=\"e-con-inner\">\n\t\t\t\t<div class=\"elementor-element elementor-element-d72f820 elementor-widget elementor-widget-shortcode\" data-id=\"d72f820\" data-element_type=\"widget\" data-widget_type=\"shortcode.default\">\n\t\t\t\t<div class=\"elementor-widget-container\">\n\t\t\t\t\t<div class=\"elementor-shortcode\"><div class=\"ct-posts-shortcode\" data-prefix=\"sluzby_archive\"><div class=\"entries\" data-archive=\"default\" data-layout=\"grid\" data-cards=\"boxed\"  ><article class=\"entry-card card-content post-2587 sluzby type-sluzby status-publish has-post-thumbnail hentry\" ><a class=\"ct-media-container boundless-image\" href=\"https:\/\/studiokompost.cz\/en\/sluzby\/nuovotherapy\/\" aria-label=\"NuovoTherapy\" tabindex=\"-1\"><img loading=\"lazy\" decoding=\"async\" width=\"2048\" height=\"1363\" src=\"https:\/\/studiokompost.cz\/wp-content\/uploads\/2026\/05\/dsc-3788-1-2048x1363.jpg.webp\" class=\"attachment-2048x2048 size-2048x2048 wp-post-image\" alt=\"\" srcset=\"https:\/\/studiokompost.cz\/wp-content\/uploads\/2026\/05\/dsc-3788-1-2048x1363.jpg.webp 2048w, https:\/\/studiokompost.cz\/wp-content\/uploads\/2026\/05\/dsc-3788-1-2048x1363.jpg-300x200.webp 300w, https:\/\/studiokompost.cz\/wp-content\/uploads\/2026\/05\/dsc-3788-1-2048x1363.jpg-1024x682.webp 1024w, https:\/\/studiokompost.cz\/wp-content\/uploads\/2026\/05\/dsc-3788-1-2048x1363.jpg-768x511.webp 768w, https:\/\/studiokompost.cz\/wp-content\/uploads\/2026\/05\/dsc-3788-1-2048x1363.jpg-1536x1022.webp 1536w, https:\/\/studiokompost.cz\/wp-content\/uploads\/2026\/05\/dsc-3788-1-2048x1363.jpg-18x12.webp 18w\" sizes=\"auto, (max-width: 2048px) 100vw, 2048px\" itemprop=\"image\" style=\"aspect-ratio: 4\/3;\" \/><\/a><div class=\"entry-divider\" data-id=\"5aIAJA\"><\/div><h2 class=\"entry-title\"><a href=\"https:\/\/studiokompost.cz\/en\/sluzby\/nuovotherapy\/\" rel=\"bookmark\">NuovoTherapy<\/a><\/h2><\/article><article class=\"entry-card card-content post-2254 sluzby type-sluzby status-publish has-post-thumbnail hentry\" ><a class=\"ct-media-container boundless-image\" href=\"https:\/\/studiokompost.cz\/en\/sluzby\/individualni-lekce-na-pilates-strojich\/\" aria-label=\"Individual lessons on pilates machines\" tabindex=\"-1\"><img loading=\"lazy\" decoding=\"async\" width=\"2048\" height=\"1152\" src=\"https:\/\/studiokompost.cz\/wp-content\/uploads\/2021\/05\/20180129_123103-2048x1152.jpg\" class=\"attachment-2048x2048 size-2048x2048 wp-post-image\" alt=\"\" srcset=\"https:\/\/studiokompost.cz\/wp-content\/uploads\/2021\/05\/20180129_123103-2048x1152.jpg 2048w, https:\/\/studiokompost.cz\/wp-content\/uploads\/2021\/05\/20180129_123103-300x169.jpg 300w, https:\/\/studiokompost.cz\/wp-content\/uploads\/2021\/05\/20180129_123103-1024x576.jpg 1024w, https:\/\/studiokompost.cz\/wp-content\/uploads\/2021\/05\/20180129_123103-768x432.jpg 768w, https:\/\/studiokompost.cz\/wp-content\/uploads\/2021\/05\/20180129_123103-1536x864.jpg 1536w\" sizes=\"auto, (max-width: 2048px) 100vw, 2048px\" itemprop=\"image\" style=\"aspect-ratio: 4\/3;\" \/><\/a><div class=\"entry-divider\" data-id=\"5aIAJA\"><\/div><h2 class=\"entry-title\"><a href=\"https:\/\/studiokompost.cz\/en\/sluzby\/individualni-lekce-na-pilates-strojich\/\" rel=\"bookmark\">Individual lessons on pilates machines<\/a><\/h2><\/article><article class=\"entry-card card-content post-2253 sluzby type-sluzby status-publish has-post-thumbnail hentry\" ><a class=\"ct-media-container boundless-image\" href=\"https:\/\/studiokompost.cz\/en\/sluzby\/semiindividualni-lekce-na-pilates-strojich\/\" aria-label=\"Semi-individual lessons on pilates machines\" tabindex=\"-1\"><img loading=\"lazy\" decoding=\"async\" width=\"2048\" height=\"1152\" src=\"https:\/\/studiokompost.cz\/wp-content\/uploads\/2021\/05\/20180129_114804-2048x1152.jpg\" class=\"attachment-2048x2048 size-2048x2048 wp-post-image\" alt=\"\" srcset=\"https:\/\/studiokompost.cz\/wp-content\/uploads\/2021\/05\/20180129_114804-2048x1152.jpg 2048w, https:\/\/studiokompost.cz\/wp-content\/uploads\/2021\/05\/20180129_114804-300x169.jpg 300w, https:\/\/studiokompost.cz\/wp-content\/uploads\/2021\/05\/20180129_114804-1024x576.jpg 1024w, https:\/\/studiokompost.cz\/wp-content\/uploads\/2021\/05\/20180129_114804-768x432.jpg 768w, https:\/\/studiokompost.cz\/wp-content\/uploads\/2021\/05\/20180129_114804-1536x864.jpg 1536w\" sizes=\"auto, (max-width: 2048px) 100vw, 2048px\" itemprop=\"image\" style=\"aspect-ratio: 4\/3;\" \/><\/a><div class=\"entry-divider\" data-id=\"5aIAJA\"><\/div><h2 class=\"entry-title\"><a href=\"https:\/\/studiokompost.cz\/en\/sluzby\/semiindividualni-lekce-na-pilates-strojich\/\" rel=\"bookmark\">Semi-individual lessons on pilates machines<\/a><\/h2><\/article><\/div><\/div><\/div>\n\t\t\t\t<\/div>\n\t\t\t\t<\/div>\n\t\t\t\t\t<\/div>\n\t\t\t\t<\/div>\n\t\t\t\t<\/div>","protected":false},"excerpt":{"rendered":"<p>Kde n\u00e1s najdete?\u200b Studio Kompost, Kv\u011btnov\u00e9 n\u00e1m\u011bst\u00ed 17, Pr\u016fhonice 252 43 (vedle restaurace PALOMA) Parkov\u00e1n\u00ed\u00a0zdarma\u00a0a\u017e pro 3 vozidla. Email lucie@studiokompost.cz Telefon HOT LINE: +420 724 590 888 LEKCE EMS: +420 724 281 424 Na\u0161e slu\u017eby<\/p>","protected":false},"author":1,"featured_media":0,"parent":0,"menu_order":0,"comment_status":"closed","ping_status":"closed","template":"","meta":{"editor_plus_copied_stylings":"{}","footnotes":""},"class_list":["post-672","page","type-page","status-publish","hentry"],"blocksy_meta":{"styles_descriptor":{"styles":{"desktop":"","tablet":"","mobile":""},"google_fonts":[],"version":6},"page_title_panel":"","has_hero_section":"default","476a8f083bee68199cfd3eea5f41840b":"","hero_section":"type-1","hero_elements":[{"id":"custom_title","enabled":true,"heading_tag":"h1","title":"Home"},{"id":"custom_description","enabled":true,"description_visibility":{"desktop":true,"tablet":true,"mobile":false}},{"id":"custom_meta","enabled":false,"meta_elements":[{"id":"author","enabled":true,"label":"By","has_author_avatar":"yes","avatar_size":25},{"id":"post_date","enabled":true,"label":"On","date_format_source":"default","date_format":"M j, Y"},{"id":"updated_date","enabled":false,"label":"On","date_format_source":"default","date_format":"M j, Y"},{"id":"categories","enabled":false,"label":"In","style":"simple"},{"id":"comments","enabled":true}],"page_meta_elements":{"joined":true,"articles_count":true,"comments":true}},{"id":"breadcrumbs","enabled":false}],"7f8990bf596f6cd3992f553a35c3bf1b":"","hero_alignment1":"CT_CSS_SKIP_RULE","hero_margin":40,"hero_alignment2":"center","hero_vertical_alignment":"center","402c853f13fcbf40141f93e1c02981c9":"","hero_structure":"narrow","4dd460381ed0f7c7c8ce46967a63bbee":"","page_title_bg_type":"featured_image","custom_hero_background":{"attachment_id":null},"page_title_image_size":"full","parallax":{"desktop":false,"tablet":false,"mobile":false},"0c354184ad0fd741dd0c534af355ca53":"","hero_height":"250px","pageTitleFont":{"family":"Default","variation":"Default","size":"30px","line-height":"CT_CSS_SKIP_RULE","letter-spacing":"CT_CSS_SKIP_RULE","text-transform":"CT_CSS_SKIP_RULE","text-decoration":"CT_CSS_SKIP_RULE"},"pageTitleFontColor":{"default":{"color":"CT_CSS_SKIP_RULEDEFAULT"}},"pageMetaFont":{"family":"Default","variation":"n6","size":"12px","line-height":"1.3","letter-spacing":"CT_CSS_SKIP_RULE","text-transform":"uppercase","text-decoration":"CT_CSS_SKIP_RULE"},"pageMetaFontColor":{"default":{"color":"CT_CSS_SKIP_RULEDEFAULT"},"hover":{"color":"CT_CSS_SKIP_RULEDEFAULT"}},"page_meta_button_type_font_colors":{"default":{"color":"CT_CSS_SKIP_RULEDEFAULT"},"hover":{"color":"CT_CSS_SKIP_RULEDEFAULT"}},"page_meta_button_type_background_colors":{"default":{"color":"CT_CSS_SKIP_RULEDEFAULT"},"hover":{"color":"CT_CSS_SKIP_RULEDEFAULT"}},"pageExcerptFont":{"family":"Default","variation":"Default","size":"CT_CSS_SKIP_RULE","line-height":"CT_CSS_SKIP_RULE","letter-spacing":"CT_CSS_SKIP_RULE","text-transform":"CT_CSS_SKIP_RULE","text-decoration":"CT_CSS_SKIP_RULE"},"pageExcerptColor":{"default":{"color":"CT_CSS_SKIP_RULEDEFAULT"}},"breadcrumbsFont":{"family":"Default","variation":"Default","size":"CT_CSS_SKIP_RULE","line-height":"CT_CSS_SKIP_RULE","letter-spacing":"CT_CSS_SKIP_RULE","text-transform":"CT_CSS_SKIP_RULE","text-decoration":"CT_CSS_SKIP_RULE"},"breadcrumbsFontColor":{"default":{"color":"CT_CSS_SKIP_RULEDEFAULT"},"initial":{"color":"CT_CSS_SKIP_RULEDEFAULT"},"hover":{"color":"CT_CSS_SKIP_RULEDEFAULT"}},"pageTitleOverlay":{"background_type":"color","background_pattern":"type-1","background_image":{"attachment_id":null,"x":0,"y":0},"gradient":"linear-gradient(135deg,rgba(6,147,227,1) 0%,rgb(155,81,224) 100%)","background_repeat":"repeat","background_size":"auto","background_attachment":"scroll","patternColor":{"default":{"color":"#e5e7ea"}},"overlayColor":{"default":{"color":"CT_CSS_SKIP_RULE"}},"backgroundColor":{"default":{"color":"CT_CSS_SKIP_RULE"}}},"pageTitleBackground":{"background_type":"color","background_pattern":"type-1","background_image":{"attachment_id":null,"x":0,"y":0},"gradient":"linear-gradient(135deg,rgba(6,147,227,1) 0%,rgb(155,81,224) 100%)","background_repeat":"repeat","background_size":"auto","background_attachment":"scroll","patternColor":{"default":{"color":"#e5e7ea"}},"overlayColor":{"default":{"color":"CT_CSS_SKIP_RULE"}},"backgroundColor":{"default":{"color":"var(--theme-palette-color-6)"}}},"pageTitlePadding":{"top":"50px","bottom":"50px","left":"auto","right":"auto","linked":true},"3d8a180e47ed982afea4ac2bb2329e34":"","page_structure_type":"default","04facdd8bc779eeef82869a73268ca7d":"","content_style_source":"inherit","content_style":"wide","vertical_spacing_source":"custom","content_area_spacing":"none","background":{"background_type":"color","background_pattern":"type-1","background_image":{"attachment_id":null,"x":0,"y":0},"gradient":"linear-gradient(135deg,rgba(6,147,227,1) 0%,rgb(155,81,224) 100%)","background_repeat":"repeat","background_size":"auto","background_attachment":"scroll","patternColor":{"default":{"color":"#e5e7ea"}},"overlayColor":{"default":{"color":"CT_CSS_SKIP_RULE"}},"backgroundColor":{"default":{"color":"CT_CSS_SKIP_RULE"}}},"content_background":{"background_type":"color","background_pattern":"type-1","background_image":{"attachment_id":null,"x":0,"y":0},"gradient":"linear-gradient(135deg,rgba(6,147,227,1) 0%,rgb(155,81,224) 100%)","background_repeat":"repeat","background_size":"auto","background_attachment":"scroll","patternColor":{"default":{"color":"#e5e7ea"}},"overlayColor":{"default":{"color":"CT_CSS_SKIP_RULE"}},"backgroundColor":{"default":{"color":"var(--theme-palette-color-8)"}}},"content_boxed_shadow":{"inherit":false,"blur":18,"spread":-6,"v_offset":12,"h_offset":0,"inset":false,"enable":true,"color":{"color":"rgba(34, 56, 101, 0.04)"}},"content_boxed_border":{"width":1,"style":"none","color":{"color":"rgba(44,62,80,0.2)"}},"content_boxed_radius":{"top":"3px","bottom":"3px","left":"3px","right":"3px","linked":true},"boxed_content_spacing":{"desktop":{"top":"40px","bottom":"40px","left":"40px","right":"40px","linked":true},"tablet":{"top":"35px","bottom":"35px","left":"35px","right":"35px","linked":true},"mobile":{"top":"20px","bottom":"20px","left":"20px","right":"20px","linked":true}},"283441a858fa82798929840b0e686f0c":"","disable_featured_image":"no","disable_share_box":"no","disable_header":"no","disable_footer":"no"},"_links":{"self":[{"href":"https:\/\/studiokompost.cz\/en\/wp-json\/wp\/v2\/pages\/672","targetHints":{"allow":["GET"]}}],"collection":[{"href":"https:\/\/studiokompost.cz\/en\/wp-json\/wp\/v2\/pages"}],"about":[{"href":"https:\/\/studiokompost.cz\/en\/wp-json\/wp\/v2\/types\/page"}],"author":[{"embeddable":true,"href":"https:\/\/studiokompost.cz\/en\/wp-json\/wp\/v2\/users\/1"}],"replies":[{"embeddable":true,"href":"https:\/\/studiokompost.cz\/en\/wp-json\/wp\/v2\/comments?post=672"}],"version-history":[{"count":73,"href":"https:\/\/studiokompost.cz\/en\/wp-json\/wp\/v2\/pages\/672\/revisions"}],"predecessor-version":[{"id":2429,"href":"https:\/\/studiokompost.cz\/en\/wp-json\/wp\/v2\/pages\/672\/revisions\/2429"}],"wp:attachment":[{"href":"https:\/\/studiokompost.cz\/en\/wp-json\/wp\/v2\/media?parent=672"}],"curies":[{"name":"wp","href":"https:\/\/api.w.org\/{rel}","templated":true}]}}